{"id":3599,"date":"2025-04-28T10:51:57","date_gmt":"2025-04-28T14:51:57","guid":{"rendered":"https:\/\/civilsafety.tulmar.com\/?page_id=3599"},"modified":"2025-04-28T10:52:55","modified_gmt":"2025-04-28T14:52:55","slug":"debug","status":"publish","type":"page","link":"https:\/\/civilsafety.tulmar.com\/fr\/debug\/","title":{"rendered":"D\u00e9bogage"},"content":{"rendered":"\t\t<div data-elementor-type=\"wp-page\" data-elementor-id=\"3599\" class=\"elementor elementor-3599\" data-elementor-post-type=\"page\">\n\t\t\t\t<div class=\"elementor-element elementor-element-dae9a7a e-flex e-con-boxed e-con e-parent\" data-id=\"dae9a7a\" data-element_type=\"container\" data-e-type=\"container\" data-settings=\"{&quot;jet_parallax_layout_list&quot;:[]}\">\n\t\t\t\t\t<div class=\"e-con-inner\">\n\t\t\t\t<div class=\"elementor-element elementor-element-bd01c1d elementor-widget elementor-widget-jet-listing-grid\" data-id=\"bd01c1d\" data-element_type=\"widget\" data-e-type=\"widget\" data-settings=\"{&quot;columns&quot;:3}\" data-widget_type=\"jet-listing-grid.default\">\n\t\t\t\t<div class=\"elementor-widget-container\">\n\t\t\t\t\t<div class=\"jet-listing-grid jet-listing\"><div class=\"jet-listing-grid__items grid-col-desk-3 grid-col-tablet-3 grid-col-mobile-3 jet-listing-grid--3496\" data-queried-id=\"3599|WP_Post\" data-nav=\"{&quot;enabled&quot;:false,&quot;type&quot;:null,&quot;more_el&quot;:null,&quot;query&quot;:[],&quot;widget_settings&quot;:{&quot;lisitng_id&quot;:3496,&quot;posts_num&quot;:6,&quot;columns&quot;:3,&quot;columns_tablet&quot;:3,&quot;columns_mobile&quot;:3,&quot;column_min_width&quot;:240,&quot;column_min_width_tablet&quot;:240,&quot;column_min_width_mobile&quot;:240,&quot;inline_columns_css&quot;:false,&quot;is_archive_template&quot;:&quot;&quot;,&quot;post_status&quot;:[&quot;publish&quot;],&quot;use_random_posts_num&quot;:&quot;&quot;,&quot;max_posts_num&quot;:9,&quot;not_found_message&quot;:&quot;No data was found&quot;,&quot;is_masonry&quot;:false,&quot;equal_columns_height&quot;:&quot;&quot;,&quot;use_load_more&quot;:&quot;&quot;,&quot;load_more_id&quot;:&quot;&quot;,&quot;load_more_type&quot;:&quot;click&quot;,&quot;load_more_offset&quot;:null,&quot;use_custom_post_types&quot;:&quot;&quot;,&quot;custom_post_types&quot;:[],&quot;hide_widget_if&quot;:&quot;&quot;,&quot;carousel_enabled&quot;:&quot;&quot;,&quot;slides_to_scroll&quot;:&quot;1&quot;,&quot;arrows&quot;:&quot;true&quot;,&quot;arrow_icon&quot;:&quot;fa fa-angle-left&quot;,&quot;dots&quot;:&quot;&quot;,&quot;autoplay&quot;:&quot;true&quot;,&quot;pause_on_hover&quot;:&quot;true&quot;,&quot;autoplay_speed&quot;:5000,&quot;infinite&quot;:&quot;true&quot;,&quot;center_mode&quot;:&quot;&quot;,&quot;effect&quot;:&quot;slide&quot;,&quot;speed&quot;:500,&quot;inject_alternative_items&quot;:&quot;&quot;,&quot;injection_items&quot;:[],&quot;scroll_slider_enabled&quot;:&quot;&quot;,&quot;scroll_slider_on&quot;:[&quot;desktop&quot;,&quot;tablet&quot;,&quot;mobile&quot;],&quot;custom_query&quot;:false,&quot;custom_query_id&quot;:&quot;&quot;,&quot;_element_id&quot;:&quot;&quot;,&quot;collapse_first_last_gap&quot;:false,&quot;list_tag_selection&quot;:&quot;&quot;,&quot;list_items_wrapper_tag&quot;:&quot;div&quot;,&quot;list_item_tag&quot;:&quot;div&quot;,&quot;empty_items_wrapper_tag&quot;:&quot;div&quot;}}\" data-page=\"1\" data-pages=\"1\" data-listing-source=\"rest_api_endpoint\" data-listing-id=\"3496\" data-query-id=\"\"><div class=\"jet-listing-grid__item jet-listing-dynamic-post-0\" data-post-id=\"0\"  ><div class=\"jet-engine-listing-overlay-wrap\" data-url=\"https:\/\/www.tulmar.com\/product\/kova-ev-fire-blanket\/\">\t\t<div data-elementor-type=\"jet-listing-items\" data-elementor-id=\"3496\" class=\"elementor elementor-3496\" data-elementor-post-type=\"jet-engine\">\n\t\t\t\t<div class=\"elementor-element elementor-element-547ad3f e-con-full product_item e-flex e-con e-parent\" data-id=\"547ad3f\" data-element_type=\"container\" data-e-type=\"container\" data-settings=\"{&quot;jet_parallax_layout_list&quot;:[]}\" data-cover=\"https:\/\/www.tulmar.com\/wp-content\/uploads\/2025\/11\/Screenshot-2025-11-14-122156.png\">\n\t\t\t\t<div class=\"elementor-element elementor-element-a40638f elementor-widget elementor-widget-heading\" data-id=\"a40638f\" data-element_type=\"widget\" data-e-type=\"widget\" data-widget_type=\"heading.default\">\n\t\t\t\t<div class=\"elementor-widget-container\">\n\t\t\t\t\t<h3 class=\"elementor-heading-title elementor-size-default\">KOVA EV Fire Blanket<\/h3>\t\t\t\t<\/div>\n\t\t\t\t<\/div>\n\t\t\t\t<\/div>\n\t\t\t\t<\/div>\n\t\t<a href=\"https:\/\/www.tulmar.com\/product\/kova-ev-fire-blanket\/\" class=\"jet-engine-listing-overlay-link\"><\/a><\/div><\/div><div class=\"jet-listing-grid__item jet-listing-dynamic-post-0\" data-post-id=\"0\"  ><div class=\"jet-engine-listing-overlay-wrap\" data-url=\"https:\/\/www.tulmar.com\/product\/hestia\/\">\t\t<div data-elementor-type=\"jet-listing-items\" data-elementor-id=\"3496\" class=\"elementor elementor-3496\" data-elementor-post-type=\"jet-engine\">\n\t\t\t\t<div class=\"elementor-element elementor-element-547ad3f e-con-full product_item e-flex e-con e-parent\" data-id=\"547ad3f\" data-element_type=\"container\" data-e-type=\"container\" data-settings=\"{&quot;jet_parallax_layout_list&quot;:[]}\" data-cover=\"https:\/\/www.tulmar.com\/wp-content\/uploads\/2025\/03\/2025_Tulmar_BBflyPOD-rendering-r5a-03-e1741892767752.png\">\n\t\t\t\t<div class=\"elementor-element elementor-element-a40638f elementor-widget elementor-widget-heading\" data-id=\"a40638f\" data-element_type=\"widget\" data-e-type=\"widget\" data-widget_type=\"heading.default\">\n\t\t\t\t<div class=\"elementor-widget-container\">\n\t\t\t\t\t<h3 class=\"elementor-heading-title elementor-size-default\">Tulmar Hestia Baby Bassinet<\/h3>\t\t\t\t<\/div>\n\t\t\t\t<\/div>\n\t\t\t\t<\/div>\n\t\t\t\t<\/div>\n\t\t<a href=\"https:\/\/www.tulmar.com\/product\/hestia\/\" class=\"jet-engine-listing-overlay-link\"><\/a><\/div><\/div><div class=\"jet-listing-grid__item jet-listing-dynamic-post-0\" data-post-id=\"0\"  ><div class=\"jet-engine-listing-overlay-wrap\" data-url=\"https:\/\/www.tulmar.com\/product\/slinglok\/\">\t\t<div data-elementor-type=\"jet-listing-items\" data-elementor-id=\"3496\" class=\"elementor elementor-3496\" data-elementor-post-type=\"jet-engine\">\n\t\t\t\t<div class=\"elementor-element elementor-element-547ad3f e-con-full product_item e-flex e-con e-parent\" data-id=\"547ad3f\" data-element_type=\"container\" data-e-type=\"container\" data-settings=\"{&quot;jet_parallax_layout_list&quot;:[]}\" data-cover=\"https:\/\/www.tulmar.com\/wp-content\/uploads\/2025\/01\/20250110-INT06091-Edit.png\">\n\t\t\t\t<div class=\"elementor-element elementor-element-a40638f elementor-widget elementor-widget-heading\" data-id=\"a40638f\" data-element_type=\"widget\" data-e-type=\"widget\" data-widget_type=\"heading.default\">\n\t\t\t\t<div class=\"elementor-widget-container\">\n\t\t\t\t\t<h3 class=\"elementor-heading-title elementor-size-default\">Tulmar Sling Lok<\/h3>\t\t\t\t<\/div>\n\t\t\t\t<\/div>\n\t\t\t\t<\/div>\n\t\t\t\t<\/div>\n\t\t<a href=\"https:\/\/www.tulmar.com\/product\/slinglok\/\" class=\"jet-engine-listing-overlay-link\"><\/a><\/div><\/div><div class=\"jet-listing-grid__item jet-listing-dynamic-post-0\" data-post-id=\"0\"  ><div class=\"jet-engine-listing-overlay-wrap\" data-url=\"https:\/\/www.tulmar.com\/product\/mro\/\">\t\t<div data-elementor-type=\"jet-listing-items\" data-elementor-id=\"3496\" class=\"elementor elementor-3496\" data-elementor-post-type=\"jet-engine\">\n\t\t\t\t<div class=\"elementor-element elementor-element-547ad3f e-con-full product_item e-flex e-con e-parent\" data-id=\"547ad3f\" data-element_type=\"container\" data-e-type=\"container\" data-settings=\"{&quot;jet_parallax_layout_list&quot;:[]}\" data-cover=\"https:\/\/www.tulmar.com\/wp-content\/uploads\/2024\/09\/2018_6XL-Raft-1.jpg\">\n\t\t\t\t<div class=\"elementor-element elementor-element-a40638f elementor-widget elementor-widget-heading\" data-id=\"a40638f\" data-element_type=\"widget\" data-e-type=\"widget\" data-widget_type=\"heading.default\">\n\t\t\t\t<div class=\"elementor-widget-container\">\n\t\t\t\t\t<h3 class=\"elementor-heading-title elementor-size-default\">MRO<\/h3>\t\t\t\t<\/div>\n\t\t\t\t<\/div>\n\t\t\t\t<\/div>\n\t\t\t\t<\/div>\n\t\t<a href=\"https:\/\/www.tulmar.com\/product\/mro\/\" class=\"jet-engine-listing-overlay-link\"><\/a><\/div><\/div><div class=\"jet-listing-grid__item jet-listing-dynamic-post-0\" data-post-id=\"0\"  ><div class=\"jet-engine-listing-overlay-wrap\" data-url=\"https:\/\/www.tulmar.com\/product\/tulmar-covers-for-navistar-trucks\/\">\t\t<div data-elementor-type=\"jet-listing-items\" data-elementor-id=\"3496\" class=\"elementor elementor-3496\" data-elementor-post-type=\"jet-engine\">\n\t\t\t\t<div class=\"elementor-element elementor-element-547ad3f e-con-full product_item e-flex e-con e-parent\" data-id=\"547ad3f\" data-element_type=\"container\" data-e-type=\"container\" data-settings=\"{&quot;jet_parallax_layout_list&quot;:[]}\" data-cover=\"https:\/\/www.tulmar.com\/wp-content\/uploads\/2024\/09\/Covers-Banner.jpg\">\n\t\t\t\t<div class=\"elementor-element elementor-element-a40638f elementor-widget elementor-widget-heading\" data-id=\"a40638f\" data-element_type=\"widget\" data-e-type=\"widget\" data-widget_type=\"heading.default\">\n\t\t\t\t<div class=\"elementor-widget-container\">\n\t\t\t\t\t<h3 class=\"elementor-heading-title elementor-size-default\">Tulmar covers for navistar trucks<\/h3>\t\t\t\t<\/div>\n\t\t\t\t<\/div>\n\t\t\t\t<\/div>\n\t\t\t\t<\/div>\n\t\t<a href=\"https:\/\/www.tulmar.com\/product\/tulmar-covers-for-navistar-trucks\/\" class=\"jet-engine-listing-overlay-link\"><\/a><\/div><\/div><div class=\"jet-listing-grid__item jet-listing-dynamic-post-0\" data-post-id=\"0\"  ><div class=\"jet-engine-listing-overlay-wrap\" data-url=\"https:\/\/www.tulmar.com\/product\/tulmar-unruly-passenger-restraint-kit\/\">\t\t<div data-elementor-type=\"jet-listing-items\" data-elementor-id=\"3496\" class=\"elementor elementor-3496\" data-elementor-post-type=\"jet-engine\">\n\t\t\t\t<div class=\"elementor-element elementor-element-547ad3f e-con-full product_item e-flex e-con e-parent\" data-id=\"547ad3f\" data-element_type=\"container\" data-e-type=\"container\" data-settings=\"{&quot;jet_parallax_layout_list&quot;:[]}\" data-cover=\"https:\/\/www.tulmar.com\/wp-content\/uploads\/2024\/09\/PRK-Banner.jpg\">\n\t\t\t\t<div class=\"elementor-element elementor-element-a40638f elementor-widget elementor-widget-heading\" data-id=\"a40638f\" data-element_type=\"widget\" data-e-type=\"widget\" data-widget_type=\"heading.default\">\n\t\t\t\t<div class=\"elementor-widget-container\">\n\t\t\t\t\t<h3 class=\"elementor-heading-title elementor-size-default\">Tulmar unruly passenger restraint kit<\/h3>\t\t\t\t<\/div>\n\t\t\t\t<\/div>\n\t\t\t\t<\/div>\n\t\t\t\t<\/div>\n\t\t<a href=\"https:\/\/www.tulmar.com\/product\/tulmar-unruly-passenger-restraint-kit\/\" class=\"jet-engine-listing-overlay-link\"><\/a><\/div><\/div><div class=\"jet-listing-grid__item jet-listing-dynamic-post-0\" data-post-id=\"0\"  ><div class=\"jet-engine-listing-overlay-wrap\" data-url=\"https:\/\/www.tulmar.com\/product\/protective-breathing-equipment-pbe\/\">\t\t<div data-elementor-type=\"jet-listing-items\" data-elementor-id=\"3496\" class=\"elementor elementor-3496\" data-elementor-post-type=\"jet-engine\">\n\t\t\t\t<div class=\"elementor-element elementor-element-547ad3f e-con-full product_item e-flex e-con e-parent\" data-id=\"547ad3f\" data-element_type=\"container\" data-e-type=\"container\" data-settings=\"{&quot;jet_parallax_layout_list&quot;:[]}\" data-cover=\"https:\/\/www.tulmar.com\/wp-content\/uploads\/2024\/09\/PBE-Reel-1.jpg\">\n\t\t\t\t<div class=\"elementor-element elementor-element-a40638f elementor-widget elementor-widget-heading\" data-id=\"a40638f\" data-element_type=\"widget\" data-e-type=\"widget\" data-widget_type=\"heading.default\">\n\t\t\t\t<div class=\"elementor-widget-container\">\n\t\t\t\t\t<h3 class=\"elementor-heading-title elementor-size-default\">Tulmar Training <br> Protective Breathing Equipment (PBE)<\/h3>\t\t\t\t<\/div>\n\t\t\t\t<\/div>\n\t\t\t\t<\/div>\n\t\t\t\t<\/div>\n\t\t<a href=\"https:\/\/www.tulmar.com\/product\/protective-breathing-equipment-pbe\/\" class=\"jet-engine-listing-overlay-link\"><\/a><\/div><\/div><div class=\"jet-listing-grid__item jet-listing-dynamic-post-0\" data-post-id=\"0\"  ><div class=\"jet-engine-listing-overlay-wrap\" data-url=\"https:\/\/www.tulmar.com\/product\/tulmar-baby-bassinet\/\">\t\t<div data-elementor-type=\"jet-listing-items\" data-elementor-id=\"3496\" class=\"elementor elementor-3496\" data-elementor-post-type=\"jet-engine\">\n\t\t\t\t<div class=\"elementor-element elementor-element-547ad3f e-con-full product_item e-flex e-con e-parent\" data-id=\"547ad3f\" data-element_type=\"container\" data-e-type=\"container\" data-settings=\"{&quot;jet_parallax_layout_list&quot;:[]}\" data-cover=\"https:\/\/www.tulmar.com\/wp-content\/uploads\/2024\/09\/Baby-Bassinet-Banner.jpg\">\n\t\t\t\t<div class=\"elementor-element elementor-element-a40638f elementor-widget elementor-widget-heading\" data-id=\"a40638f\" data-element_type=\"widget\" data-e-type=\"widget\" data-widget_type=\"heading.default\">\n\t\t\t\t<div class=\"elementor-widget-container\">\n\t\t\t\t\t<h3 class=\"elementor-heading-title elementor-size-default\">Tulmar Baby Bassinet<\/h3>\t\t\t\t<\/div>\n\t\t\t\t<\/div>\n\t\t\t\t<\/div>\n\t\t\t\t<\/div>\n\t\t<a href=\"https:\/\/www.tulmar.com\/product\/tulmar-baby-bassinet\/\" class=\"jet-engine-listing-overlay-link\"><\/a><\/div><\/div><div class=\"jet-listing-grid__item jet-listing-dynamic-post-0\" data-post-id=\"0\"  ><div class=\"jet-engine-listing-overlay-wrap\" data-url=\"https:\/\/www.tulmar.com\/product\/training-evacuation-slides\/\">\t\t<div data-elementor-type=\"jet-listing-items\" data-elementor-id=\"3496\" class=\"elementor elementor-3496\" data-elementor-post-type=\"jet-engine\">\n\t\t\t\t<div class=\"elementor-element elementor-element-547ad3f e-con-full product_item e-flex e-con e-parent\" data-id=\"547ad3f\" data-element_type=\"container\" data-e-type=\"container\" data-settings=\"{&quot;jet_parallax_layout_list&quot;:[]}\" data-cover=\"https:\/\/www.tulmar.com\/wp-content\/uploads\/2024\/09\/AviationBanner2.jpg\">\n\t\t\t\t<div class=\"elementor-element elementor-element-a40638f elementor-widget elementor-widget-heading\" data-id=\"a40638f\" data-element_type=\"widget\" data-e-type=\"widget\" data-widget_type=\"heading.default\">\n\t\t\t\t<div class=\"elementor-widget-container\">\n\t\t\t\t\t<h3 class=\"elementor-heading-title elementor-size-default\">evacuation training descent slides<\/h3>\t\t\t\t<\/div>\n\t\t\t\t<\/div>\n\t\t\t\t<\/div>\n\t\t\t\t<\/div>\n\t\t<a href=\"https:\/\/www.tulmar.com\/product\/training-evacuation-slides\/\" class=\"jet-engine-listing-overlay-link\"><\/a><\/div><\/div><div class=\"jet-listing-grid__item jet-listing-dynamic-post-0\" data-post-id=\"0\"  ><div class=\"jet-engine-listing-overlay-wrap\" data-url=\"https:\/\/www.tulmar.com\/product\/galeo-tactical-life-preserver\/\">\t\t<div data-elementor-type=\"jet-listing-items\" data-elementor-id=\"3496\" class=\"elementor elementor-3496\" data-elementor-post-type=\"jet-engine\">\n\t\t\t\t<div class=\"elementor-element elementor-element-547ad3f e-con-full product_item e-flex e-con e-parent\" data-id=\"547ad3f\" data-element_type=\"container\" data-e-type=\"container\" data-settings=\"{&quot;jet_parallax_layout_list&quot;:[]}\" data-cover=\"https:\/\/www.tulmar.com\/wp-content\/uploads\/2025\/02\/Galeo-SS-8.png\">\n\t\t\t\t<div class=\"elementor-element elementor-element-a40638f elementor-widget elementor-widget-heading\" data-id=\"a40638f\" data-element_type=\"widget\" data-e-type=\"widget\" data-widget_type=\"heading.default\">\n\t\t\t\t<div class=\"elementor-widget-container\">\n\t\t\t\t\t<h3 class=\"elementor-heading-title elementor-size-default\">Galeo Tactical Life Preserver<\/h3>\t\t\t\t<\/div>\n\t\t\t\t<\/div>\n\t\t\t\t<\/div>\n\t\t\t\t<\/div>\n\t\t<a href=\"https:\/\/www.tulmar.com\/product\/galeo-tactical-life-preserver\/\" class=\"jet-engine-listing-overlay-link\"><\/a><\/div><\/div><\/div><\/div>\t\t\t\t<\/div>\n\t\t\t\t<\/div>\n\t\t\t\t\t<\/div>\n\t\t\t\t<\/div>\n\t\t\t\t<\/div>\n\t\t","protected":false},"excerpt":{"rendered":"","protected":false},"author":1,"featured_media":0,"parent":0,"menu_order":0,"comment_status":"closed","ping_status":"closed","template":"","meta":{"footnotes":""},"class_list":["post-3599","page","type-page","status-publish","hentry"],"yoast_head":"<!-- This site is optimized with the Yoast SEO Premium plugin v27.4 (Yoast SEO v27.4) - https:\/\/yoast.com\/product\/yoast-seo-premium-wordpress\/ -->\n<title>Debug - Tulmar Civil Safety<\/title>\n<meta name=\"robots\" content=\"index, follow, max-snippet:-1, max-image-preview:large, max-video-preview:-1\" \/>\n<link rel=\"canonical\" href=\"https:\/\/civilsafety.tulmar.com\/fr\/debug\/\" \/>\n<meta property=\"og:locale\" content=\"fr_CA\" \/>\n<meta property=\"og:type\" content=\"article\" \/>\n<meta property=\"og:title\" content=\"Debug\" \/>\n<meta property=\"og:url\" content=\"https:\/\/civilsafety.tulmar.com\/fr\/debug\/\" \/>\n<meta property=\"og:site_name\" content=\"Tulmar Civil Safety\" \/>\n<meta property=\"article:modified_time\" content=\"2025-04-28T14:52:55+00:00\" \/>\n<meta name=\"twitter:card\" content=\"summary_large_image\" \/>\n<meta name=\"twitter:label1\" content=\"Estimation du temps de lecture\" \/>\n\t<meta name=\"twitter:data1\" content=\"1 minute\" \/>\n<script type=\"application\/ld+json\" class=\"yoast-schema-graph\">{\"@context\":\"https:\\\/\\\/schema.org\",\"@graph\":[{\"@type\":\"WebPage\",\"@id\":\"https:\\\/\\\/civilsafety.tulmar.com\\\/debug\\\/\",\"url\":\"https:\\\/\\\/civilsafety.tulmar.com\\\/debug\\\/\",\"name\":\"Debug - Tulmar Civil Safety\",\"isPartOf\":{\"@id\":\"https:\\\/\\\/civilsafety.tulmar.com\\\/#website\"},\"datePublished\":\"2025-04-28T14:51:57+00:00\",\"dateModified\":\"2025-04-28T14:52:55+00:00\",\"breadcrumb\":{\"@id\":\"https:\\\/\\\/civilsafety.tulmar.com\\\/debug\\\/#breadcrumb\"},\"inLanguage\":\"fr-CA\",\"potentialAction\":[{\"@type\":\"ReadAction\",\"target\":[\"https:\\\/\\\/civilsafety.tulmar.com\\\/debug\\\/\"]}]},{\"@type\":\"BreadcrumbList\",\"@id\":\"https:\\\/\\\/civilsafety.tulmar.com\\\/debug\\\/#breadcrumb\",\"itemListElement\":[{\"@type\":\"ListItem\",\"position\":1,\"name\":\"Home\",\"item\":\"https:\\\/\\\/civilsafety.tulmar.com\\\/\"},{\"@type\":\"ListItem\",\"position\":2,\"name\":\"Debug\"}]},{\"@type\":\"WebSite\",\"@id\":\"https:\\\/\\\/civilsafety.tulmar.com\\\/#website\",\"url\":\"https:\\\/\\\/civilsafety.tulmar.com\\\/\",\"name\":\"Tulmar Civil Safety\",\"description\":\"Solutions for the Civil Safety market\",\"publisher\":{\"@id\":\"https:\\\/\\\/civilsafety.tulmar.com\\\/#organization\"},\"potentialAction\":[{\"@type\":\"SearchAction\",\"target\":{\"@type\":\"EntryPoint\",\"urlTemplate\":\"https:\\\/\\\/civilsafety.tulmar.com\\\/?s={search_term_string}\"},\"query-input\":{\"@type\":\"PropertyValueSpecification\",\"valueRequired\":true,\"valueName\":\"search_term_string\"}}],\"inLanguage\":\"fr-CA\"},{\"@type\":\"Organization\",\"@id\":\"https:\\\/\\\/civilsafety.tulmar.com\\\/#organization\",\"name\":\"Tulmar Civil Safety\",\"url\":\"https:\\\/\\\/civilsafety.tulmar.com\\\/\",\"logo\":{\"@type\":\"ImageObject\",\"inLanguage\":\"fr-CA\",\"@id\":\"https:\\\/\\\/civilsafety.tulmar.com\\\/#\\\/schema\\\/logo\\\/image\\\/\",\"url\":\"https:\\\/\\\/civilsafety.tulmar.com\\\/wp-content\\\/uploads\\\/sites\\\/10\\\/2024\\\/08\\\/LogoLanding.svg\",\"contentUrl\":\"https:\\\/\\\/civilsafety.tulmar.com\\\/wp-content\\\/uploads\\\/sites\\\/10\\\/2024\\\/08\\\/LogoLanding.svg\",\"width\":407,\"height\":143,\"caption\":\"Tulmar Civil Safety\"},\"image\":{\"@id\":\"https:\\\/\\\/civilsafety.tulmar.com\\\/#\\\/schema\\\/logo\\\/image\\\/\"}}]}<\/script>\n<!-- \/ Yoast SEO Premium plugin. -->","yoast_head_json":{"title":"D\u00e9bogage - S\u00e9curit\u00e9 civile Tulmar","robots":{"index":"index","follow":"follow","max-snippet":"max-snippet:-1","max-image-preview":"max-image-preview:large","max-video-preview":"max-video-preview:-1"},"canonical":"https:\/\/civilsafety.tulmar.com\/fr\/debug\/","og_locale":"fr_CA","og_type":"article","og_title":"Debug","og_url":"https:\/\/civilsafety.tulmar.com\/fr\/debug\/","og_site_name":"Tulmar Civil Safety","article_modified_time":"2025-04-28T14:52:55+00:00","twitter_card":"summary_large_image","twitter_misc":{"Estimation du temps de lecture":"1 minute"},"schema":{"@context":"https:\/\/schema.org","@graph":[{"@type":"WebPage","@id":"https:\/\/civilsafety.tulmar.com\/debug\/","url":"https:\/\/civilsafety.tulmar.com\/debug\/","name":"D\u00e9bogage - S\u00e9curit\u00e9 civile Tulmar","isPartOf":{"@id":"https:\/\/civilsafety.tulmar.com\/#website"},"datePublished":"2025-04-28T14:51:57+00:00","dateModified":"2025-04-28T14:52:55+00:00","breadcrumb":{"@id":"https:\/\/civilsafety.tulmar.com\/debug\/#breadcrumb"},"inLanguage":"fr-CA","potentialAction":[{"@type":"ReadAction","target":["https:\/\/civilsafety.tulmar.com\/debug\/"]}]},{"@type":"BreadcrumbList","@id":"https:\/\/civilsafety.tulmar.com\/debug\/#breadcrumb","itemListElement":[{"@type":"ListItem","position":1,"name":"Home","item":"https:\/\/civilsafety.tulmar.com\/"},{"@type":"ListItem","position":2,"name":"Debug"}]},{"@type":"WebSite","@id":"https:\/\/civilsafety.tulmar.com\/#website","url":"https:\/\/civilsafety.tulmar.com\/","name":"S\u00e9curit\u00e9 civile de Tulmar","description":"Solutions pour le march\u00e9 de la s\u00e9curit\u00e9 civile","publisher":{"@id":"https:\/\/civilsafety.tulmar.com\/#organization"},"potentialAction":[{"@type":"SearchAction","target":{"@type":"EntryPoint","urlTemplate":"https:\/\/civilsafety.tulmar.com\/?s={search_term_string}"},"query-input":{"@type":"PropertyValueSpecification","valueRequired":true,"valueName":"search_term_string"}}],"inLanguage":"fr-CA"},{"@type":"Organization","@id":"https:\/\/civilsafety.tulmar.com\/#organization","name":"S\u00e9curit\u00e9 civile de Tulmar","url":"https:\/\/civilsafety.tulmar.com\/","logo":{"@type":"ImageObject","inLanguage":"fr-CA","@id":"https:\/\/civilsafety.tulmar.com\/#\/schema\/logo\/image\/","url":"https:\/\/civilsafety.tulmar.com\/wp-content\/uploads\/sites\/10\/2024\/08\/LogoLanding.svg","contentUrl":"https:\/\/civilsafety.tulmar.com\/wp-content\/uploads\/sites\/10\/2024\/08\/LogoLanding.svg","width":407,"height":143,"caption":"Tulmar Civil Safety"},"image":{"@id":"https:\/\/civilsafety.tulmar.com\/#\/schema\/logo\/image\/"}}]}},"_links":{"self":[{"href":"https:\/\/civilsafety.tulmar.com\/fr\/wp-json\/wp\/v2\/pages\/3599","targetHints":{"allow":["GET"]}}],"collection":[{"href":"https:\/\/civilsafety.tulmar.com\/fr\/wp-json\/wp\/v2\/pages"}],"about":[{"href":"https:\/\/civilsafety.tulmar.com\/fr\/wp-json\/wp\/v2\/types\/page"}],"author":[{"embeddable":true,"href":"https:\/\/civilsafety.tulmar.com\/fr\/wp-json\/wp\/v2\/users\/1"}],"replies":[{"embeddable":true,"href":"https:\/\/civilsafety.tulmar.com\/fr\/wp-json\/wp\/v2\/comments?post=3599"}],"version-history":[{"count":0,"href":"https:\/\/civilsafety.tulmar.com\/fr\/wp-json\/wp\/v2\/pages\/3599\/revisions"}],"wp:attachment":[{"href":"https:\/\/civilsafety.tulmar.com\/fr\/wp-json\/wp\/v2\/media?parent=3599"}],"curies":[{"name":"wp","href":"https:\/\/api.w.org\/{rel}","templated":true}]}}